{"id":10277,"date":"2022-08-22T08:35:03","date_gmt":"2022-08-22T13:35:03","guid":{"rendered":"https:\/\/itsallaboutlocation.com.mx\/?page_id=10277"},"modified":"2022-09-24T10:19:52","modified_gmt":"2022-09-24T15:19:52","slug":"clientes","status":"publish","type":"page","link":"https:\/\/itsallaboutlocation.com.mx\/en_en\/clientes\/","title":{"rendered":"Customers"},"content":{"rendered":"<div data-elementor-type=\"wp-page\" data-elementor-id=\"10277\" class=\"elementor elementor-10277\" data-elementor-post-type=\"page\">\n\t\t\t\t\t\t<section class=\"elementor-section elementor-top-section elementor-element elementor-element-ae918bc elementor-section-full_width elementor-section-height-default elementor-section-height-default\" data-id=\"ae918bc\" data-element_type=\"section\" data-settings=\"{&quot;background_background&quot;:&quot;slideshow&quot;,&quot;background_slideshow_gallery&quot;:[{&quot;id&quot;:9930,&quot;url&quot;:&quot;https:\\\/\\\/itsallaboutlocation.com.mx\\\/wp-content\\\/uploads\\\/2022\\\/07\\\/Gym-02-scaled.jpg&quot;},{&quot;id&quot;:9682,&quot;url&quot;:&quot;https:\\\/\\\/itsallaboutlocation.com.mx\\\/wp-content\\\/uploads\\\/2022\\\/07\\\/05_EDIF3_BALCONES.jpg&quot;},{&quot;id&quot;:9677,&quot;url&quot;:&quot;https:\\\/\\\/itsallaboutlocation.com.mx\\\/wp-content\\\/uploads\\\/2022\\\/07\\\/03_PISCINA.jpg&quot;},{&quot;id&quot;:9599,&quot;url&quot;:&quot;https:\\\/\\\/itsallaboutlocation.com.mx\\\/wp-content\\\/uploads\\\/2022\\\/07\\\/UR-Artra-Tulum-02.png&quot;},{&quot;id&quot;:9513,&quot;url&quot;:&quot;https:\\\/\\\/itsallaboutlocation.com.mx\\\/wp-content\\\/uploads\\\/2022\\\/07\\\/renders_0002_Capa-2.jpg&quot;},{&quot;id&quot;:9511,&quot;url&quot;:&quot;https:\\\/\\\/itsallaboutlocation.com.mx\\\/wp-content\\\/uploads\\\/2022\\\/07\\\/renders_0000_Capa-4.jpg&quot;},{&quot;id&quot;:9430,&quot;url&quot;:&quot;https:\\\/\\\/itsallaboutlocation.com.mx\\\/wp-content\\\/uploads\\\/2022\\\/05\\\/Alba-Vista-exterior-05.png&quot;},{&quot;id&quot;:9415,&quot;url&quot;:&quot;https:\\\/\\\/itsallaboutlocation.com.mx\\\/wp-content\\\/uploads\\\/2022\\\/05\\\/ViewTowersExt-3_3-scaled.jpg&quot;},{&quot;id&quot;:9327,&quot;url&quot;:&quot;https:\\\/\\\/itsallaboutlocation.com.mx\\\/wp-content\\\/uploads\\\/2022\\\/05\\\/DJI_0014_ok.jpg&quot;},{&quot;id&quot;:9186,&quot;url&quot;:&quot;https:\\\/\\\/itsallaboutlocation.com.mx\\\/wp-content\\\/uploads\\\/2022\\\/05\\\/E3.-CLUB-AQUA-FACHADA-POSTERIOR.jpg&quot;},{&quot;id&quot;:9134,&quot;url&quot;:&quot;https:\\\/\\\/itsallaboutlocation.com.mx\\\/wp-content\\\/uploads\\\/2022\\\/05\\\/ATHIMAR_EXTERIORES_5.jpg&quot;}],&quot;background_slideshow_loop&quot;:&quot;yes&quot;,&quot;background_slideshow_slide_duration&quot;:5000,&quot;background_slideshow_slide_transition&quot;:&quot;fade&quot;,&quot;background_slideshow_transition_duration&quot;:500}\">\n\t\t\t\t\t\t<div class=\"elementor-container elementor-column-gap-default\">\n\t\t\t\t\t<div class=\"elementor-column elementor-col-100 elementor-top-column elementor-element elementor-element-bf0ebd0\" data-id=\"bf0ebd0\" data-element_type=\"column\">\n\t\t\t<div class=\"elementor-widget-wrap elementor-element-populated\">\n\t\t\t\t\t\t<div class=\"elementor-element elementor-element-e73ec86 elementor-widget elementor-widget-spacer\" data-id=\"e73ec86\" data-element_type=\"widget\" data-widget_type=\"spacer.default\">\n\t\t\t\t<div class=\"elementor-widget-container\">\n\t\t\t\t\t<div class=\"elementor-spacer\">\n\t\t\t<div class=\"elementor-spacer-inner\"><\/div>\n\t\t<\/div>\n\t\t\t\t<\/div>\n\t\t\t\t<\/div>\n\t\t\t\t<div class=\"elementor-element elementor-element-c0e6009 elementor-widget elementor-widget-heading\" data-id=\"c0e6009\" data-element_type=\"widget\" data-widget_type=\"heading.default\">\n\t\t\t\t<div class=\"elementor-widget-container\">\n\t\t\t<h2 class=\"elementor-heading-title elementor-size-default\">Find the Property of your Dreams!<\/h2>\t\t<\/div>\n\t\t\t\t<\/div>\n\t\t\t\t<div class=\"elementor-element elementor-element-881cd39 elementor-align-center elementor-widget elementor-widget-button\" data-id=\"881cd39\" data-element_type=\"widget\" data-widget_type=\"button.default\">\n\t\t\t\t<div class=\"elementor-widget-container\">\n\t\t\t\t\t<div class=\"elementor-button-wrapper\">\n\t\t\t<a class=\"elementor-button elementor-button-link elementor-size-sm\" href=\"https:\/\/itsallaboutlocation.com.mx\/en_en\/\">\n\t\t\t\t\t\t<span class=\"elementor-button-content-wrapper\">\n\t\t\t\t\t\t<span class=\"elementor-button-icon\">\n\t\t\t\t<i aria-hidden=\"true\" class=\"fas fa-home\"><\/i>\t\t\t<\/span>\n\t\t\t\t\t\t\t\t\t<span class=\"elementor-button-text\">Go to homepage <\/span>\n\t\t\t\t\t<\/span>\n\t\t\t\t\t<\/a>\n\t\t<\/div>\n\t\t\t\t<\/div>\n\t\t\t\t<\/div>\n\t\t\t\t<div class=\"elementor-element elementor-element-2729a05 elementor-widget elementor-widget-spacer\" data-id=\"2729a05\" data-element_type=\"widget\" data-widget_type=\"spacer.default\">\n\t\t\t\t<div class=\"elementor-widget-container\">\n\t\t\t\t\t<div class=\"elementor-spacer\">\n\t\t\t<div class=\"elementor-spacer-inner\"><\/div>\n\t\t<\/div>\n\t\t\t\t<\/div>\n\t\t\t\t<\/div>\n\t\t\t\t\t<\/div>\n\t\t<\/div>\n\t\t\t\t\t<\/div>\n\t\t<\/section>\n\t\t\t\t<section class=\"elementor-section elementor-top-section elementor-element elementor-element-31c36b9 elementor-section-boxed elementor-section-height-default elementor-section-height-default\" data-id=\"31c36b9\" data-element_type=\"section\">\n\t\t\t\t\t\t<div class=\"elementor-container elementor-column-gap-default\">\n\t\t\t\t\t<div class=\"elementor-column elementor-col-100 elementor-top-column elementor-element elementor-element-978ea19\" data-id=\"978ea19\" data-element_type=\"column\">\n\t\t\t<div class=\"elementor-widget-wrap elementor-element-populated\">\n\t\t\t\t\t\t<div class=\"elementor-element elementor-element-b8d368b elementor-widget elementor-widget-spacer\" data-id=\"b8d368b\" data-element_type=\"widget\" data-widget_type=\"spacer.default\">\n\t\t\t\t<div class=\"elementor-widget-container\">\n\t\t\t\t\t<div class=\"elementor-spacer\">\n\t\t\t<div class=\"elementor-spacer-inner\"><\/div>\n\t\t<\/div>\n\t\t\t\t<\/div>\n\t\t\t\t<\/div>\n\t\t\t\t<div class=\"elementor-element elementor-element-bd30749 elementor-widget elementor-widget-image\" data-id=\"bd30749\" data-element_type=\"widget\" data-widget_type=\"image.default\">\n\t\t\t\t<div class=\"elementor-widget-container\">\n\t\t\t\t\t\t\t\t\t\t\t\t\t\t<a href=\"https:\/\/itsallaboutlocation.com.mx\/en_en\/\">\n\t\t\t\t\t\t\t<img fetchpriority=\"high\" decoding=\"async\" width=\"800\" height=\"300\" src=\"https:\/\/itsallaboutlocation.com.mx\/wp-content\/uploads\/2022\/08\/Its-All-About-Vertical.png\" class=\"elementor-animation-grow attachment-large size-large wp-image-9976\" alt=\"\" srcset=\"https:\/\/itsallaboutlocation.com.mx\/wp-content\/uploads\/2022\/08\/Its-All-About-Vertical.png 800w, https:\/\/itsallaboutlocation.com.mx\/wp-content\/uploads\/2022\/08\/Its-All-About-Vertical-300x113.png 300w, https:\/\/itsallaboutlocation.com.mx\/wp-content\/uploads\/2022\/08\/Its-All-About-Vertical-768x288.png 768w, https:\/\/itsallaboutlocation.com.mx\/wp-content\/uploads\/2022\/08\/Its-All-About-Vertical-150x56.png 150w\" sizes=\"(max-width: 800px) 100vw, 800px\" \/>\t\t\t\t\t\t\t\t<\/a>\n\t\t\t\t\t\t\t\t\t\t\t\t\t<\/div>\n\t\t\t\t<\/div>\n\t\t\t\t<div class=\"elementor-element elementor-element-085f227 elementor-widget elementor-widget-spacer\" data-id=\"085f227\" data-element_type=\"widget\" data-widget_type=\"spacer.default\">\n\t\t\t\t<div class=\"elementor-widget-container\">\n\t\t\t\t\t<div class=\"elementor-spacer\">\n\t\t\t<div class=\"elementor-spacer-inner\"><\/div>\n\t\t<\/div>\n\t\t\t\t<\/div>\n\t\t\t\t<\/div>\n\t\t\t\t<div class=\"elementor-element elementor-element-376f1f1 elementor-widget elementor-widget-html\" data-id=\"376f1f1\" data-element_type=\"widget\" data-widget_type=\"html.default\">\n\t\t\t\t<div class=\"elementor-widget-container\">\n\t\t\t<script data-b24-form=\"inline\/179\/pjkn9k\" data-skip-moving=\"true\">\n\t(function(w,d,u){\n\t\tvar s=d.createElement('script');s.async=true;s.src=u+'?'+(Date.now()\/180000|0);\n\t\tvar h=d.getElementsByTagName('script')[0];h.parentNode.insertBefore(s,h);\n\t})(window,document,'https:\/\/cdn.bitrix24.es\/b16954973\/crm\/form\/loader_179.js');\n<\/script>\t\t<\/div>\n\t\t\t\t<\/div>\n\t\t\t\t\t<\/div>\n\t\t<\/div>\n\t\t\t\t\t<\/div>\n\t\t<\/section>\n\t\t\t\t<section class=\"elementor-section elementor-top-section elementor-element elementor-element-6810c12 elementor-section-boxed elementor-section-height-default elementor-section-height-default\" data-id=\"6810c12\" data-element_type=\"section\">\n\t\t\t\t\t\t<div class=\"elementor-container elementor-column-gap-default\">\n\t\t\t\t\t<div class=\"elementor-column elementor-col-100 elementor-top-column elementor-element elementor-element-0408b13\" data-id=\"0408b13\" data-element_type=\"column\">\n\t\t\t<div class=\"elementor-widget-wrap elementor-element-populated\">\n\t\t\t\t\t\t<div class=\"elementor-element elementor-element-a8d0b8f elementor-widget elementor-widget-spacer\" data-id=\"a8d0b8f\" data-element_type=\"widget\" data-widget_type=\"spacer.default\">\n\t\t\t\t<div class=\"elementor-widget-container\">\n\t\t\t\t\t<div class=\"elementor-spacer\">\n\t\t\t<div class=\"elementor-spacer-inner\"><\/div>\n\t\t<\/div>\n\t\t\t\t<\/div>\n\t\t\t\t<\/div>\n\t\t\t\t\t<\/div>\n\t\t<\/div>\n\t\t\t\t\t<\/div>\n\t\t<\/section>\n\t\t\t\t<section class=\"elementor-section elementor-top-section elementor-element elementor-element-2c342825 elementor-section-content-middle elementor-section-boxed elementor-section-height-default elementor-section-height-default\" data-id=\"2c342825\" data-element_type=\"section\" data-settings=\"{&quot;background_background&quot;:&quot;classic&quot;}\">\n\t\t\t\t\t\t\t<div class=\"elementor-background-overlay\"><\/div>\n\t\t\t\t\t\t\t<div class=\"elementor-container elementor-column-gap-no\">\n\t\t\t\t\t<div class=\"elementor-column elementor-col-100 elementor-top-column elementor-element elementor-element-3cad51c8\" data-id=\"3cad51c8\" data-element_type=\"column\">\n\t\t\t<div class=\"elementor-widget-wrap elementor-element-populated\">\n\t\t\t\t\t\t<div class=\"elementor-element elementor-element-683613bd elementor-widget elementor-widget-heading\" data-id=\"683613bd\" data-element_type=\"widget\" data-widget_type=\"heading.default\">\n\t\t\t\t<div class=\"elementor-widget-container\">\n\t\t\t<h4 class=\"elementor-heading-title elementor-size-default\">Enjoy Life in the Caribbean<\/h4>\t\t<\/div>\n\t\t\t\t<\/div>\n\t\t\t\t<div class=\"elementor-element elementor-element-50b85a6b elementor-widget elementor-widget-heading\" data-id=\"50b85a6b\" data-element_type=\"widget\" data-widget_type=\"heading.default\">\n\t\t\t\t<div class=\"elementor-widget-container\">\n\t\t\t<h5 class=\"elementor-heading-title elementor-size-default\">Request information about the seafront apartments<\/h5>\t\t<\/div>\n\t\t\t\t<\/div>\n\t\t\t\t\t<\/div>\n\t\t<\/div>\n\t\t\t\t\t<\/div>\n\t\t<\/section>\n\t\t\t\t<\/div>","protected":false},"excerpt":{"rendered":"<p>\u00a1Encuentra la Propiedad de tus Sue\u00f1os! Ir a la P\u00e1gina de Inicio Disfruta de la Vida en el Caribe Solicita informaci\u00f3n de los Departamentos frente al mar<\/p>","protected":false},"author":1,"featured_media":0,"parent":0,"menu_order":0,"comment_status":"closed","ping_status":"closed","template":"elementor_header_footer","meta":{"footnotes":""},"class_list":["post-10277","page","type-page","status-publish","hentry"],"_links":{"self":[{"href":"https:\/\/itsallaboutlocation.com.mx\/en_en\/wp-json\/wp\/v2\/pages\/10277","targetHints":{"allow":["GET"]}}],"collection":[{"href":"https:\/\/itsallaboutlocation.com.mx\/en_en\/wp-json\/wp\/v2\/pages"}],"about":[{"href":"https:\/\/itsallaboutlocation.com.mx\/en_en\/wp-json\/wp\/v2\/types\/page"}],"author":[{"embeddable":true,"href":"https:\/\/itsallaboutlocation.com.mx\/en_en\/wp-json\/wp\/v2\/users\/1"}],"replies":[{"embeddable":true,"href":"https:\/\/itsallaboutlocation.com.mx\/en_en\/wp-json\/wp\/v2\/comments?post=10277"}],"version-history":[{"count":0,"href":"https:\/\/itsallaboutlocation.com.mx\/en_en\/wp-json\/wp\/v2\/pages\/10277\/revisions"}],"wp:attachment":[{"href":"https:\/\/itsallaboutlocation.com.mx\/en_en\/wp-json\/wp\/v2\/media?parent=10277"}],"curies":[{"name":"wp","href":"https:\/\/api.w.org\/{rel}","templated":true}]}}